{"id":2862,"date":"2024-01-16T09:33:48","date_gmt":"2024-01-16T08:33:48","guid":{"rendered":"https:\/\/agriturismolafontanabg.it\/all-reviews\/"},"modified":"2025-02-28T09:51:00","modified_gmt":"2025-02-28T08:51:00","slug":"all-reviews","status":"publish","type":"page","link":"https:\/\/agriturismolafontanabg.it\/en\/all-reviews\/","title":{"rendered":"All reviews"},"content":{"rendered":"\n<p><\/p>\n\n<h2 class=\"wp-block-heading has-text-align-center\">Tulip Apartment<\/h2>\n<style>#wprev-slider-2 .wprev_preview_bradius_T1 {border-radius: 0px;}#wprev-slider-2 .wprev_preview_bg1_T1::after{ border-top: 30px solid ; }<\/style><div class=\"wprev-no-slider\" id=\"wprev-slider-2\">\t\t<div class=\"wpairbnb_t1_outer_div w3_wprs-row-padding\">\r\n\t\t\t\t<div class=\"wpairbnb_t1_DIV_1 w3_wprs-col l4\">\r\n\t\t\t<div class=\"wpairbnb_t1_DIV_2 wprev_preview_bg1_T1 wprev_preview_bradius_T1\">\r\n\t\t\t\t<p class=\"wpairbnb_t1_P_3 wprev_preview_tcolor1_T1\">\r\n\t\t\t\t\t<span class=\"wpairbnb_star_imgs_T1\"><img decoding=\"async\" src=\"https:\/\/agriturismolafontanabg.it\/wp-content\/plugins\/wp-airbnb-review-slider\/public\/partials\/imgs\/stars_5_yellow.png\" alt=\"\" class=\"wpairbnb_t1_star_img_file\">&nbsp;&nbsp;<\/span>Notre s\u00e9jour s\u2019est tr\u00e8s bien d\u00e9roul\u00e9 :<br \/>\nbel endroit pour s\u2019oxyg\u00e9ner et se d\u00e9tendre, <br \/>\ntr\u00e8s belles promenades aux alentours, <br \/>\ntr\u00e8s beaux paysages et vues avec les montagnes et<a class='wprs_rd_more'>... read more<\/a><span class='wprs_rd_more_text' style='display:none;'> la nature autours. <br \/>\nL\u2019appartement \u00e9tait conforme aux photos et agr\u00e9able.<br \/>\nDoris est tr\u00e8s conviviale, sympathique et r\u00e9active, et sa petite chienne Sisi est toute mignonne. <br \/>\nLa visite \u00e0 la ferme, d\u2019o\u00f9 les produits du petit d\u00e9jeuner viennent, \u00e0 \u00e9t\u00e9 int\u00e9ressante avec la traite des vaches et la petite randonn\u00e9e aller retour.<br \/>\nBonne exp\u00e9rience de s\u00e9jour \ud83d\ude42<\/span>\t\t\t\t<\/p>\r\n\t\t\t\t<a href=\"https:\/\/www.airbnb.it\/rooms\/1870708\" target=\"_blank\" rel=\"nofollow\"><img decoding=\"async\" src=\"https:\/\/agriturismolafontanabg.it\/wp-content\/plugins\/wp-airbnb-review-slider\/public\/partials\/imgs\/airbnb_outline.png\" alt=\"\" class=\"wpairbnb_t1_airbnb_logo\"><\/a>\t\t\t<\/div><span class=\"wpairbnb_t1_A_8\"><img decoding=\"async\" src=\"https:\/\/a0.muscache.com\/im\/pictures\/user\/6e1bbe13-3bc9-40c0-bf98-8061b76d8257.jpg?aki_policy=profile_x_medium\" alt=\"thumb\" class=\"wpairbnb_t1_IMG_4\" loading=\"lazy\" \/><\/span> <span class=\"wpairbnb_t1_SPAN_5 wprev_preview_tcolor2_T1\">Huguette<br\/><span class=\"wprev_showdate_T1\">19\/10\/2023<\/span> <\/span>\r\n\t\t<\/div>\r\n\t\t\t<div class=\"wpairbnb_t1_DIV_1 w3_wprs-col l4\">\r\n\t\t\t<div class=\"wpairbnb_t1_DIV_2 wprev_preview_bg1_T1 wprev_preview_bradius_T1\">\r\n\t\t\t\t<p class=\"wpairbnb_t1_P_3 wprev_preview_tcolor1_T1\">\r\n\t\t\t\t\t<span class=\"wpairbnb_star_imgs_T1\"><img decoding=\"async\" src=\"https:\/\/agriturismolafontanabg.it\/wp-content\/plugins\/wp-airbnb-review-slider\/public\/partials\/imgs\/stars_5_yellow.png\" alt=\"\" class=\"wpairbnb_t1_star_img_file\">&nbsp;&nbsp;<\/span>Posto davvero stupendo per allontanarsi dal caos della Citt\u00e1!<br \/>\nVista davvero stupenda, casa pulita ed impeccabile in tutto!<br \/>\nDoris persona davvero gentilissima, insieme alla sua cagnolina Sissi ci hanno accolti<a class='wprs_rd_more'>... read more<\/a><span class='wprs_rd_more_text' style='display:none;'> nel miglior dei modi.<br \/>\nConsigliatissimo, torneremo sicuramente\u263a\ufe0f<\/span>\t\t\t\t<\/p>\r\n\t\t\t\t<a href=\"https:\/\/www.airbnb.it\/rooms\/1870708\" target=\"_blank\" rel=\"nofollow\"><img decoding=\"async\" src=\"https:\/\/agriturismolafontanabg.it\/wp-content\/plugins\/wp-airbnb-review-slider\/public\/partials\/imgs\/airbnb_outline.png\" alt=\"\" class=\"wpairbnb_t1_airbnb_logo\"><\/a>\t\t\t<\/div><span class=\"wpairbnb_t1_A_8\"><img decoding=\"async\" src=\"https:\/\/a0.muscache.com\/im\/pictures\/user\/User-509280702\/original\/34bf5387-3d91-4c5b-8787-4536e09e12d8.jpeg?aki_policy=profile_x_medium\" alt=\"thumb\" class=\"wpairbnb_t1_IMG_4\" loading=\"lazy\" \/><\/span> <span class=\"wpairbnb_t1_SPAN_5 wprev_preview_tcolor2_T1\">Victor<br\/><span class=\"wprev_showdate_T1\">09\/12\/2023<\/span> <\/span>\r\n\t\t<\/div>\r\n\t\t\t<div class=\"wpairbnb_t1_DIV_1 w3_wprs-col l4\">\r\n\t\t\t<div class=\"wpairbnb_t1_DIV_2 wprev_preview_bg1_T1 wprev_preview_bradius_T1\">\r\n\t\t\t\t<p class=\"wpairbnb_t1_P_3 wprev_preview_tcolor1_T1\">\r\n\t\t\t\t\t<span class=\"wpairbnb_star_imgs_T1\"><img decoding=\"async\" src=\"https:\/\/agriturismolafontanabg.it\/wp-content\/plugins\/wp-airbnb-review-slider\/public\/partials\/imgs\/stars_5_yellow.png\" alt=\"\" class=\"wpairbnb_t1_star_img_file\">&nbsp;&nbsp;<\/span>Wir waren nur eine Nacht auf der Durchreise in der Unterkunft, waren aber so begeistert - h\u00e4tten am liebsten verl\u00e4ngert. Hoch oben auf dem Berg ist es wirklich sehr ruhig<a class='wprs_rd_more'>... read more<\/a><span class='wprs_rd_more_text' style='display:none;'> und perfekt zum abschalten. Das Fr\u00fchst\u00fcck Morgens war sehr lecker! Danke f\u00fcr den netten Aufenthalt<\/span>\t\t\t\t<\/p>\r\n\t\t\t\t<a href=\"https:\/\/www.airbnb.it\/rooms\/1870708\" target=\"_blank\" rel=\"nofollow\"><img decoding=\"async\" src=\"https:\/\/agriturismolafontanabg.it\/wp-content\/plugins\/wp-airbnb-review-slider\/public\/partials\/imgs\/airbnb_outline.png\" alt=\"\" class=\"wpairbnb_t1_airbnb_logo\"><\/a>\t\t\t<\/div><span class=\"wpairbnb_t1_A_8\"><img decoding=\"async\" src=\"https:\/\/a0.muscache.com\/im\/pictures\/user\/cbf98eff-1692-40d1-9724-454fde098e10.jpg?aki_policy=profile_x_medium\" alt=\"thumb\" class=\"wpairbnb_t1_IMG_4\" loading=\"lazy\" \/><\/span> <span class=\"wpairbnb_t1_SPAN_5 wprev_preview_tcolor2_T1\">Samira<br\/><span class=\"wprev_showdate_T1\">06\/04\/2023<\/span> <\/span>\r\n\t\t<\/div>\r\n\t\t<\/div>\r\n<!-- This file should primarily consist of HTML with a little bit of PHP. -->\r\n<\/div>\r\n\n\n<p><\/p>\n \n\n<hr class=\"wp-block-separator has-alpha-channel-opacity\"\/>\n \n\n<hr class=\"wp-block-separator has-alpha-channel-opacity\"\/>\n\n<div class=\"wp-block-columns is-layout-flex wp-container-core-columns-is-layout-1 wp-block-columns-is-layout-flex\">\n<div class=\"wp-block-column is-layout-flow wp-block-column-is-layout-flow\"><\/div>\n\n\n\n<div class=\"wp-block-column is-layout-flow wp-block-column-is-layout-flow\"><p><script type=\"text\/javascript\" src=\"https:\/\/www.bed-and-breakfast.it\/scripts\/widget\/widget_recensioni.cfm?id=30867&#038;idregione=9&#038;orientamento=largo&#038;giudizio=true&#038;recensioni=true&#038;leggirecensioni=true\"><\/script><\/p>\n<\/div>\n\n\n\n<div class=\"wp-block-column is-layout-flow wp-block-column-is-layout-flow\" style=\"flex-basis:300px\"><\/div>\n<\/div>\n","protected":false},"excerpt":{"rendered":"<p>Tulip Apartment<\/p>\n","protected":false},"author":2,"featured_media":0,"parent":0,"menu_order":0,"comment_status":"closed","ping_status":"closed","template":"","meta":{"neve_meta_sidebar":"","neve_meta_container":"","neve_meta_enable_content_width":"","neve_meta_content_width":0,"neve_meta_title_alignment":"","neve_meta_author_avatar":"","neve_post_elements_order":"","neve_meta_disable_header":"","neve_meta_disable_footer":"","neve_meta_disable_title":"","_themeisle_gutenberg_block_has_review":false,"_ti_tpc_template_sync":false,"_ti_tpc_template_id":"","footnotes":""},"class_list":["post-2862","page","type-page","status-publish","hentry"],"yoast_head":"<!-- This site is optimized with the Yoast SEO plugin v24.4 - https:\/\/yoast.com\/wordpress\/plugins\/seo\/ -->\n<title>All reviews - Agriturismo La Fontana<\/title>\n<meta name=\"robots\" content=\"index, follow, max-snippet:-1, max-image-preview:large, max-video-preview:-1\" \/>\n<link rel=\"canonical\" href=\"https:\/\/agriturismolafontanabg.it\/en\/all-reviews\/\" \/>\n<meta property=\"og:locale\" content=\"en_US\" \/>\n<meta property=\"og:type\" content=\"article\" \/>\n<meta property=\"og:title\" content=\"All reviews - Agriturismo La Fontana\" \/>\n<meta property=\"og:description\" content=\"Tulip Apartment\" \/>\n<meta property=\"og:url\" content=\"https:\/\/agriturismolafontanabg.it\/en\/all-reviews\/\" \/>\n<meta property=\"og:site_name\" content=\"Agriturismo La Fontana\" \/>\n<meta property=\"article:modified_time\" content=\"2025-02-28T08:51:00+00:00\" \/>\n<meta name=\"twitter:card\" content=\"summary_large_image\" \/>\n<meta name=\"twitter:site\" content=\"@AgriLaFontana\" \/>\n<script type=\"application\/ld+json\" class=\"yoast-schema-graph\">{\"@context\":\"https:\/\/schema.org\",\"@graph\":[{\"@type\":\"WebPage\",\"@id\":\"https:\/\/agriturismolafontanabg.it\/en\/all-reviews\/\",\"url\":\"https:\/\/agriturismolafontanabg.it\/en\/all-reviews\/\",\"name\":\"All reviews - Agriturismo La Fontana\",\"isPartOf\":{\"@id\":\"https:\/\/agriturismolafontanabg.it\/#website\"},\"datePublished\":\"2024-01-16T08:33:48+00:00\",\"dateModified\":\"2025-02-28T08:51:00+00:00\",\"breadcrumb\":{\"@id\":\"https:\/\/agriturismolafontanabg.it\/en\/all-reviews\/#breadcrumb\"},\"inLanguage\":\"en-US\",\"potentialAction\":[{\"@type\":\"ReadAction\",\"target\":[\"https:\/\/agriturismolafontanabg.it\/en\/all-reviews\/\"]}]},{\"@type\":\"BreadcrumbList\",\"@id\":\"https:\/\/agriturismolafontanabg.it\/en\/all-reviews\/#breadcrumb\",\"itemListElement\":[{\"@type\":\"ListItem\",\"position\":1,\"name\":\"Home\",\"item\":\"https:\/\/agriturismolafontanabg.it\/en\/\"},{\"@type\":\"ListItem\",\"position\":2,\"name\":\"All reviews\"}]},{\"@type\":\"WebSite\",\"@id\":\"https:\/\/agriturismolafontanabg.it\/#website\",\"url\":\"https:\/\/agriturismolafontanabg.it\/\",\"name\":\"Agriturismo La Fontana\",\"description\":\"Agriturismo\",\"publisher\":{\"@id\":\"https:\/\/agriturismolafontanabg.it\/#organization\"},\"potentialAction\":[{\"@type\":\"SearchAction\",\"target\":{\"@type\":\"EntryPoint\",\"urlTemplate\":\"https:\/\/agriturismolafontanabg.it\/?s={search_term_string}\"},\"query-input\":{\"@type\":\"PropertyValueSpecification\",\"valueRequired\":true,\"valueName\":\"search_term_string\"}}],\"inLanguage\":\"en-US\"},{\"@type\":\"Organization\",\"@id\":\"https:\/\/agriturismolafontanabg.it\/#organization\",\"name\":\"Agriturismo La Fontana\",\"url\":\"https:\/\/agriturismolafontanabg.it\/\",\"logo\":{\"@type\":\"ImageObject\",\"inLanguage\":\"en-US\",\"@id\":\"https:\/\/agriturismolafontanabg.it\/#\/schema\/logo\/image\/\",\"url\":\"https:\/\/agriturismolafontanabg.it\/wp-content\/uploads\/2024\/01\/logo-1.png\",\"contentUrl\":\"https:\/\/agriturismolafontanabg.it\/wp-content\/uploads\/2024\/01\/logo-1.png\",\"width\":2199,\"height\":1857,\"caption\":\"Agriturismo La Fontana\"},\"image\":{\"@id\":\"https:\/\/agriturismolafontanabg.it\/#\/schema\/logo\/image\/\"},\"sameAs\":[\"https:\/\/x.com\/AgriLaFontana\"]}]}<\/script>\n<!-- \/ Yoast SEO plugin. -->","yoast_head_json":{"title":"All reviews - Agriturismo La Fontana","robots":{"index":"index","follow":"follow","max-snippet":"max-snippet:-1","max-image-preview":"max-image-preview:large","max-video-preview":"max-video-preview:-1"},"canonical":"https:\/\/agriturismolafontanabg.it\/en\/all-reviews\/","og_locale":"en_US","og_type":"article","og_title":"All reviews - Agriturismo La Fontana","og_description":"Tulip Apartment","og_url":"https:\/\/agriturismolafontanabg.it\/en\/all-reviews\/","og_site_name":"Agriturismo La Fontana","article_modified_time":"2025-02-28T08:51:00+00:00","twitter_card":"summary_large_image","twitter_site":"@AgriLaFontana","schema":{"@context":"https:\/\/schema.org","@graph":[{"@type":"WebPage","@id":"https:\/\/agriturismolafontanabg.it\/en\/all-reviews\/","url":"https:\/\/agriturismolafontanabg.it\/en\/all-reviews\/","name":"All reviews - Agriturismo La Fontana","isPartOf":{"@id":"https:\/\/agriturismolafontanabg.it\/#website"},"datePublished":"2024-01-16T08:33:48+00:00","dateModified":"2025-02-28T08:51:00+00:00","breadcrumb":{"@id":"https:\/\/agriturismolafontanabg.it\/en\/all-reviews\/#breadcrumb"},"inLanguage":"en-US","potentialAction":[{"@type":"ReadAction","target":["https:\/\/agriturismolafontanabg.it\/en\/all-reviews\/"]}]},{"@type":"BreadcrumbList","@id":"https:\/\/agriturismolafontanabg.it\/en\/all-reviews\/#breadcrumb","itemListElement":[{"@type":"ListItem","position":1,"name":"Home","item":"https:\/\/agriturismolafontanabg.it\/en\/"},{"@type":"ListItem","position":2,"name":"All reviews"}]},{"@type":"WebSite","@id":"https:\/\/agriturismolafontanabg.it\/#website","url":"https:\/\/agriturismolafontanabg.it\/","name":"Agriturismo La Fontana","description":"Agriturismo","publisher":{"@id":"https:\/\/agriturismolafontanabg.it\/#organization"},"potentialAction":[{"@type":"SearchAction","target":{"@type":"EntryPoint","urlTemplate":"https:\/\/agriturismolafontanabg.it\/?s={search_term_string}"},"query-input":{"@type":"PropertyValueSpecification","valueRequired":true,"valueName":"search_term_string"}}],"inLanguage":"en-US"},{"@type":"Organization","@id":"https:\/\/agriturismolafontanabg.it\/#organization","name":"Agriturismo La Fontana","url":"https:\/\/agriturismolafontanabg.it\/","logo":{"@type":"ImageObject","inLanguage":"en-US","@id":"https:\/\/agriturismolafontanabg.it\/#\/schema\/logo\/image\/","url":"https:\/\/agriturismolafontanabg.it\/wp-content\/uploads\/2024\/01\/logo-1.png","contentUrl":"https:\/\/agriturismolafontanabg.it\/wp-content\/uploads\/2024\/01\/logo-1.png","width":2199,"height":1857,"caption":"Agriturismo La Fontana"},"image":{"@id":"https:\/\/agriturismolafontanabg.it\/#\/schema\/logo\/image\/"},"sameAs":["https:\/\/x.com\/AgriLaFontana"]}]}},"_links":{"self":[{"href":"https:\/\/agriturismolafontanabg.it\/en\/wp-json\/wp\/v2\/pages\/2862"}],"collection":[{"href":"https:\/\/agriturismolafontanabg.it\/en\/wp-json\/wp\/v2\/pages"}],"about":[{"href":"https:\/\/agriturismolafontanabg.it\/en\/wp-json\/wp\/v2\/types\/page"}],"author":[{"embeddable":true,"href":"https:\/\/agriturismolafontanabg.it\/en\/wp-json\/wp\/v2\/users\/2"}],"replies":[{"embeddable":true,"href":"https:\/\/agriturismolafontanabg.it\/en\/wp-json\/wp\/v2\/comments?post=2862"}],"version-history":[{"count":1,"href":"https:\/\/agriturismolafontanabg.it\/en\/wp-json\/wp\/v2\/pages\/2862\/revisions"}],"predecessor-version":[{"id":2864,"href":"https:\/\/agriturismolafontanabg.it\/en\/wp-json\/wp\/v2\/pages\/2862\/revisions\/2864"}],"wp:attachment":[{"href":"https:\/\/agriturismolafontanabg.it\/en\/wp-json\/wp\/v2\/media?parent=2862"}],"curies":[{"name":"wp","href":"https:\/\/api.w.org\/{rel}","templated":true}]}}